{"id":129261,"date":"2024-04-30T16:29:17","date_gmt":"2024-04-30T15:29:17","guid":{"rendered":"https:\/\/www.hispanortestes.younik.pt\/produtos\/sem%20categoria\/barra-de-plasticina-micro-clay-bar-200g\/"},"modified":"2026-05-05T13:03:22","modified_gmt":"2026-05-05T12:03:22","slug":"barra-de-plasticina-micro-clay-bar-200g","status":"publish","type":"product","link":"https:\/\/hispanor.pt\/en\/produto\/barra-de-plasticina-micro-clay-bar-200g\/","title":{"rendered":"BARRA DE PLASTICINA MICRO CLAY BAR 200G"},"content":{"rendered":"<p>Limpa profundamente e remove os contaminantes mais dif\u00edceis da superf\u00edcie da pintura: seiva, res\u00edduos de insetos, excesso e pulveriza\u00e7\u00f5es acidentais de tinta, alcatr\u00e3o, etc. <\/p>\n<p>Basta moldar a plasticina em forma de disco e passar, com a ajuda de um lubrificante, na superf\u00edcie do ve\u00edculo ap\u00f3s a lavagem tradicional.<\/p>\n<p>O acabamento fica t\u00e3o liso como vidro. A lavagem fica perfeita, prolongando a vida da cera de acabamento.<\/p>\n<p>A Plasticina Fina Azul deve ser usada para a remo\u00e7\u00e3o de contaminantes leves e m\u00e9dios. <\/p>\n<p>Seguro para todas as superf\u00edcies. Seguro para usar em vernizes.<\/p>\n","protected":false},"excerpt":{"rendered":"<p>Limpa profundamente e remove os contaminantes mais dif\u00edceis da superf\u00edcie da pintura: seiva, res\u00edduos de insetos, excesso e pulveriza\u00e7\u00f5es acidentais de tinta, alcatr\u00e3o, etc. Basta moldar a plasticina em forma de disco e passar, com a ajuda de um lubrificante, na superf\u00edcie do ve\u00edculo ap\u00f3s a lavagem tradicional. O acabamento fica t\u00e3o liso como vidro. [&hellip;]<\/p>\n","protected":false},"featured_media":376608,"comment_status":"open","ping_status":"closed","template":"","meta":{"_acf_changed":false},"product_brand":[],"product_cat":[1008,990],"product_tag":[],"class_list":{"0":"post-129261","1":"product","2":"type-product","3":"status-publish","4":"has-post-thumbnail","6":"product_cat-detailing-e-servicos-rapidos-polimento","7":"product_cat-carrocaria-polimento","9":"first","10":"outofstock","11":"taxable","12":"shipping-taxable","13":"purchasable","14":"product-type-simple","15":"add-to-wishlist-after_add_to_cart"},"acf":[],"aioseo_notices":[],"_links":{"self":[{"href":"https:\/\/hispanor.pt\/en\/wp-json\/wp\/v2\/product\/129261","targetHints":{"allow":["GET"]}}],"collection":[{"href":"https:\/\/hispanor.pt\/en\/wp-json\/wp\/v2\/product"}],"about":[{"href":"https:\/\/hispanor.pt\/en\/wp-json\/wp\/v2\/types\/product"}],"replies":[{"embeddable":true,"href":"https:\/\/hispanor.pt\/en\/wp-json\/wp\/v2\/comments?post=129261"}],"version-history":[{"count":1,"href":"https:\/\/hispanor.pt\/en\/wp-json\/wp\/v2\/product\/129261\/revisions"}],"predecessor-version":[{"id":460575,"href":"https:\/\/hispanor.pt\/en\/wp-json\/wp\/v2\/product\/129261\/revisions\/460575"}],"wp:featuredmedia":[{"embeddable":true,"href":"https:\/\/hispanor.pt\/en\/wp-json\/wp\/v2\/media\/376608"}],"wp:attachment":[{"href":"https:\/\/hispanor.pt\/en\/wp-json\/wp\/v2\/media?parent=129261"}],"wp:term":[{"taxonomy":"product_brand","embeddable":true,"href":"https:\/\/hispanor.pt\/en\/wp-json\/wp\/v2\/product_brand?post=129261"},{"taxonomy":"product_cat","embeddable":true,"href":"https:\/\/hispanor.pt\/en\/wp-json\/wp\/v2\/product_cat?post=129261"},{"taxonomy":"product_tag","embeddable":true,"href":"https:\/\/hispanor.pt\/en\/wp-json\/wp\/v2\/product_tag?post=129261"}],"curies":[{"name":"wp","href":"https:\/\/api.w.org\/{rel}","templated":true}]}}