{"id":129272,"date":"2024-04-30T16:29:59","date_gmt":"2024-04-30T15:29:59","guid":{"rendered":"https:\/\/www.hispanortestes.younik.pt\/produtos\/sem%20categoria\/clip-m-29-pplastifix-bolsa-100-un\/"},"modified":"2026-04-30T12:40:52","modified_gmt":"2026-04-30T11:40:52","slug":"clip-m-29-pplastifix-bolsa-100-un","status":"publish","type":"product","link":"https:\/\/hispanor.pt\/en\/produto\/clip-m-29-pplastifix-bolsa-100-un\/","title":{"rendered":"CLIP M (29) P\/PLASTIFIX -BOLSA 100 UN"},"content":{"rendered":"<p>Grampo tri\u00e2ngulo invertido em M para Sistema Plastifix.<\/p>\n<p>Deve ser utilizado na repara\u00e7\u00e3o de \u00e1reas curvas ou angulosas pe\u00e7as nas pl\u00e1stico.<\/p>\n<p>A\u00e7o inoxid\u00e1vel de 0,6 mm de espessura.<\/p>\n<p>Quantidade: bolsa de 100 unidades.<\/p>\n<p><\/p>\n","protected":false},"excerpt":{"rendered":"<p>Grampo tri\u00e2ngulo invertido em M para Sistema Plastifix. Deve ser utilizado na repara\u00e7\u00e3o de \u00e1reas curvas ou angulosas pe\u00e7as nas pl\u00e1stico. A\u00e7o inoxid\u00e1vel de 0,6 mm de espessura. Quantidade: bolsa de 100 unidades.<\/p>\n","protected":false},"featured_media":376618,"comment_status":"open","ping_status":"closed","template":"","meta":{"_acf_changed":false},"product_brand":[],"product_cat":[1009,994],"product_tag":[],"class_list":{"0":"post-129272","1":"product","2":"type-product","3":"status-publish","4":"has-post-thumbnail","6":"product_cat-detailing-e-servicos-rapidos-reparacao-de-plasticos","7":"product_cat-carrocaria-reparacao-de-plasticos","9":"first","10":"instock","11":"taxable","12":"shipping-taxable","13":"purchasable","14":"product-type-simple","15":"add-to-wishlist-after_add_to_cart"},"acf":[],"aioseo_notices":[],"_links":{"self":[{"href":"https:\/\/hispanor.pt\/en\/wp-json\/wp\/v2\/product\/129272","targetHints":{"allow":["GET"]}}],"collection":[{"href":"https:\/\/hispanor.pt\/en\/wp-json\/wp\/v2\/product"}],"about":[{"href":"https:\/\/hispanor.pt\/en\/wp-json\/wp\/v2\/types\/product"}],"replies":[{"embeddable":true,"href":"https:\/\/hispanor.pt\/en\/wp-json\/wp\/v2\/comments?post=129272"}],"version-history":[{"count":2,"href":"https:\/\/hispanor.pt\/en\/wp-json\/wp\/v2\/product\/129272\/revisions"}],"predecessor-version":[{"id":463857,"href":"https:\/\/hispanor.pt\/en\/wp-json\/wp\/v2\/product\/129272\/revisions\/463857"}],"wp:featuredmedia":[{"embeddable":true,"href":"https:\/\/hispanor.pt\/en\/wp-json\/wp\/v2\/media\/376618"}],"wp:attachment":[{"href":"https:\/\/hispanor.pt\/en\/wp-json\/wp\/v2\/media?parent=129272"}],"wp:term":[{"taxonomy":"product_brand","embeddable":true,"href":"https:\/\/hispanor.pt\/en\/wp-json\/wp\/v2\/product_brand?post=129272"},{"taxonomy":"product_cat","embeddable":true,"href":"https:\/\/hispanor.pt\/en\/wp-json\/wp\/v2\/product_cat?post=129272"},{"taxonomy":"product_tag","embeddable":true,"href":"https:\/\/hispanor.pt\/en\/wp-json\/wp\/v2\/product_tag?post=129272"}],"curies":[{"name":"wp","href":"https:\/\/api.w.org\/{rel}","templated":true}]}}