{"id":129281,"date":"2024-04-30T16:30:40","date_gmt":"2024-04-30T15:30:40","guid":{"rendered":"https:\/\/www.hispanortestes.younik.pt\/produtos\/sem%20categoria\/clip-triplo-v-31-pplastifix-bolsa-100-un\/"},"modified":"2026-04-17T11:33:02","modified_gmt":"2026-04-17T10:33:02","slug":"clip-triplo-v-31-pplastifix-bolsa-100-un","status":"publish","type":"product","link":"https:\/\/hispanor.pt\/en\/produto\/clip-triplo-v-31-pplastifix-bolsa-100-un\/","title":{"rendered":"CLIP TRIPLO V (31) P\/PLASTIFIX -BOLSA 100 UN"},"content":{"rendered":"<p>Grampo Triplo V para Sistema Plastifix.<\/p>\n<p>Novo modelo refor\u00e7ado para a repara\u00e7\u00e3o de quebras e fissuras em superf\u00edcies convexas.<\/p>\n<p>A\u00e7o inoxid\u00e1vel de 0,8 mm de espessura.<\/p>\n<p>Quantidade: bolsa de 100 unidades.<\/p>\n","protected":false},"excerpt":{"rendered":"<p>Grampo Triplo V para Sistema Plastifix. Novo modelo refor\u00e7ado para a repara\u00e7\u00e3o de quebras e fissuras em superf\u00edcies convexas. A\u00e7o inoxid\u00e1vel de 0,8 mm de espessura. Quantidade: bolsa de 100 unidades.<\/p>\n","protected":false},"featured_media":376624,"comment_status":"open","ping_status":"closed","template":"","meta":{"_acf_changed":false},"product_brand":[],"product_cat":[1009,994],"product_tag":[],"class_list":{"0":"post-129281","1":"product","2":"type-product","3":"status-publish","4":"has-post-thumbnail","6":"product_cat-detailing-e-servicos-rapidos-reparacao-de-plasticos","7":"product_cat-carrocaria-reparacao-de-plasticos","9":"first","10":"instock","11":"taxable","12":"shipping-taxable","13":"purchasable","14":"product-type-simple","15":"add-to-wishlist-after_add_to_cart"},"acf":[],"aioseo_notices":[],"_links":{"self":[{"href":"https:\/\/hispanor.pt\/en\/wp-json\/wp\/v2\/product\/129281","targetHints":{"allow":["GET"]}}],"collection":[{"href":"https:\/\/hispanor.pt\/en\/wp-json\/wp\/v2\/product"}],"about":[{"href":"https:\/\/hispanor.pt\/en\/wp-json\/wp\/v2\/types\/product"}],"replies":[{"embeddable":true,"href":"https:\/\/hispanor.pt\/en\/wp-json\/wp\/v2\/comments?post=129281"}],"version-history":[{"count":1,"href":"https:\/\/hispanor.pt\/en\/wp-json\/wp\/v2\/product\/129281\/revisions"}],"predecessor-version":[{"id":439180,"href":"https:\/\/hispanor.pt\/en\/wp-json\/wp\/v2\/product\/129281\/revisions\/439180"}],"wp:featuredmedia":[{"embeddable":true,"href":"https:\/\/hispanor.pt\/en\/wp-json\/wp\/v2\/media\/376624"}],"wp:attachment":[{"href":"https:\/\/hispanor.pt\/en\/wp-json\/wp\/v2\/media?parent=129281"}],"wp:term":[{"taxonomy":"product_brand","embeddable":true,"href":"https:\/\/hispanor.pt\/en\/wp-json\/wp\/v2\/product_brand?post=129281"},{"taxonomy":"product_cat","embeddable":true,"href":"https:\/\/hispanor.pt\/en\/wp-json\/wp\/v2\/product_cat?post=129281"},{"taxonomy":"product_tag","embeddable":true,"href":"https:\/\/hispanor.pt\/en\/wp-json\/wp\/v2\/product_tag?post=129281"}],"curies":[{"name":"wp","href":"https:\/\/api.w.org\/{rel}","templated":true}]}}