{"id":129337,"date":"2024-04-30T15:34:21","date_gmt":"2024-04-30T15:34:21","guid":{"rendered":"https:\/\/www.hispanortestes.younik.pt\/produtos\/sem%20categoria\/polidora-rupes-velocidade-regulavel-lh-22en\/"},"modified":"2025-03-13T14:39:30","modified_gmt":"2025-03-13T14:39:30","slug":"polidora-rupes-velocidade-regulavel-lh-22en","status":"publish","type":"product","link":"https:\/\/hispanor.pt\/en\/produto\/polidora-rupes-velocidade-regulavel-lh-22en\/","title":{"rendered":"POLIDORA RUPES VELOCIDADE REGUL\u00c1VEL LH 22EN"},"content":{"rendered":"<p>Polidora orbital Rupes para trabalhos mais exigentes.<\/p>\n<p>Ideal para o polimento de grandes superf\u00edcies.<\/p>\n<p>Acabamento fino com polimento tipo stucco veneziano.<br \/>Pode tamb\u00e9m ser utilizada com cera.<\/p>\n<p>Caracter\u00edsticas:<br \/>Novo punho frontal ergon\u00f3mico, para utiliza\u00e7\u00e3o confort\u00e1vel e segura<br \/>Al\u00e7a lateral revers\u00edvel direita &#8211; esquerda.<br \/>Arranque suave.<br \/>Controlo eletr\u00f3nico da velocidade.<br \/>Prote\u00e7\u00e3o integrada contra picos de corrente.<\/p>\n<p>Caracter\u00edsticas t\u00e9cnicas:<br \/>Peso: 3,3 kg<br \/>Velocidade: 900 &#8211; 2000 rpm<br \/>Voltagem: 230 V, 50 Hz<br \/>Corrente: 4,9 A<br \/>Potencia: 1020 W<br \/>Di\u00e2metro m\u00e1ximo da boina: 200 mm<br \/>Parafuso de encaixe da boina: M14<\/p>\n<p>Inclui:<br \/>Chaves inglesas<br \/>M\u00f3dulos de prote\u00e7\u00e3o adicional<br \/>Punho amov\u00edvel<br \/>Porca c\u00f3nica para encaixe das boinas.<\/p>\n<p><\/p>\n","protected":false},"excerpt":{"rendered":"<p>Polidora orbital Rupes para trabalhos mais exigentes. Ideal para o polimento de grandes superf\u00edcies. Acabamento fino com polimento tipo stucco veneziano.Pode tamb\u00e9m ser utilizada com cera. Caracter\u00edsticas:Novo punho frontal ergon\u00f3mico, para utiliza\u00e7\u00e3o confort\u00e1vel e seguraAl\u00e7a lateral revers\u00edvel direita &#8211; esquerda.Arranque suave.Controlo eletr\u00f3nico da velocidade.Prote\u00e7\u00e3o integrada contra picos de corrente. Caracter\u00edsticas t\u00e9cnicas:Peso: 3,3 kgVelocidade: 900 &#8211; [&hellip;]<\/p>\n","protected":false},"featured_media":376650,"comment_status":"open","ping_status":"closed","template":"","meta":{"_acf_changed":false},"product_brand":[],"product_cat":[1008,990],"product_tag":[],"class_list":{"0":"post-129337","1":"product","2":"type-product","3":"status-publish","4":"has-post-thumbnail","6":"product_cat-detailing-e-servicos-rapidos-polimento","7":"product_cat-carrocaria-polimento","9":"first","10":"outofstock","11":"taxable","12":"shipping-taxable","13":"purchasable","14":"product-type-simple","15":"add-to-wishlist-after_add_to_cart"},"acf":[],"aioseo_notices":[],"_links":{"self":[{"href":"https:\/\/hispanor.pt\/en\/wp-json\/wp\/v2\/product\/129337","targetHints":{"allow":["GET"]}}],"collection":[{"href":"https:\/\/hispanor.pt\/en\/wp-json\/wp\/v2\/product"}],"about":[{"href":"https:\/\/hispanor.pt\/en\/wp-json\/wp\/v2\/types\/product"}],"replies":[{"embeddable":true,"href":"https:\/\/hispanor.pt\/en\/wp-json\/wp\/v2\/comments?post=129337"}],"version-history":[{"count":0,"href":"https:\/\/hispanor.pt\/en\/wp-json\/wp\/v2\/product\/129337\/revisions"}],"wp:featuredmedia":[{"embeddable":true,"href":"https:\/\/hispanor.pt\/en\/wp-json\/wp\/v2\/media\/376650"}],"wp:attachment":[{"href":"https:\/\/hispanor.pt\/en\/wp-json\/wp\/v2\/media?parent=129337"}],"wp:term":[{"taxonomy":"product_brand","embeddable":true,"href":"https:\/\/hispanor.pt\/en\/wp-json\/wp\/v2\/product_brand?post=129337"},{"taxonomy":"product_cat","embeddable":true,"href":"https:\/\/hispanor.pt\/en\/wp-json\/wp\/v2\/product_cat?post=129337"},{"taxonomy":"product_tag","embeddable":true,"href":"https:\/\/hispanor.pt\/en\/wp-json\/wp\/v2\/product_tag?post=129337"}],"curies":[{"name":"wp","href":"https:\/\/api.w.org\/{rel}","templated":true}]}}