{"id":129340,"date":"2024-04-30T16:34:35","date_gmt":"2024-04-30T15:34:35","guid":{"rendered":"https:\/\/www.hispanortestes.younik.pt\/produtos\/sem%20categoria\/kit-polidora-rupes-orbital-lhr-21-es-mark-iii\/"},"modified":"2026-02-12T18:07:15","modified_gmt":"2026-02-12T18:07:15","slug":"kit-polidora-rupes-orbital-lhr-21-es-mark-v","status":"publish","type":"product","link":"https:\/\/hispanor.pt\/en\/produto\/kit-polidora-rupes-orbital-lhr-21-es-mark-v\/","title":{"rendered":"KIT- POLIDORA RUPES ORBITAL LHR 21 ES MARK V"},"content":{"rendered":"<p>A Rupes LHR21ES Mark V \u00e9 a quinta gera\u00e7\u00e3o da extremamente popular polidora Bigfoot original. <\/p>\n<p>\u00c9 a m\u00e1quina ideal para detailers e profissionais da pintura para quem o tempo de trabalho \u00e9 muito importante.<\/p>\n<p>Caracter\u00edsticas:<br \/>Motor mais potente &#8211; mais velocidade e bin\u00e1rio<br \/>Melhora da efici\u00eancia de polimento em 30%<br \/>Redu\u00e7\u00e3o da vibra\u00e7\u00e3o &#8211; menos fatigante quando se trabalha por per\u00edodos de tempo mais longos<br \/>RPMs maiores reduzem os tempos de polimento<br \/>O controle eletronico mant\u00e9m a velocidade de polimento constante e suave<br \/>Mant\u00e9m a velocidade sob carga, de 3000-5200 OPM<br \/>In\u00edcio suave para ajudar a evitar salpicar o produto<br \/>Bloqueio do interruptor de ligar \/ desligar impede o arranque \/ paragem acidental da m\u00e1quina<br \/>Pegas de borracha posicionadas no corpo para melhorar o conforto ergonomico<br \/>Fun\u00e7\u00e3o de suporte de ombro na parte traseira da polidora para a estabilidade quando a m\u00e1quina \u00e9 poisada<br \/>Fun\u00e7\u00e3o anti-girat\u00f3ria &#8211; ajuda a evitar hologramas<br \/>Balanceamento melhorado<br \/>Aumento da efici\u00eancia energ\u00e9tica<br \/>Fornecido com placa de suporte de poliuretano <\/p>\n<p>Caracter\u00edsticas t\u00e9cnicas:<br \/>Di\u00e2metro da \u00f3rbita: 21-30mm<br \/>OPM (Oscila\u00e7\u00f5es por minuto): 3000 &#8211; 5200<br \/>Tens\u00e3o nominal: 220-240v com classifica\u00e7\u00e3o CE<br \/>Tamanho da rosca: 5\/16 \/ M8<br \/>Tamanho do prato: 150 mm (6 )<br \/>Tamanho dos discos de polimento: 165- 205mm (6.5 &#8211; 8)<br \/>Pot\u00eancia do motor: 500W<br \/>Peso l\u00edquido: 2.4kgs<\/p>\n<p>Inclui:<br \/>1 x Polidora RUPES LHR 21ES Mark V BigFoot<br \/>1 x Disco de corte azul RUPES BigFoot 150-180 mm<br \/>1 x Pack de 2 panos RUPES BigFoot Buffing Towels<\/p>\n","protected":false},"excerpt":{"rendered":"<p>A Rupes LHR21ES Mark V \u00e9 a quinta gera\u00e7\u00e3o da extremamente popular polidora Bigfoot original. \u00c9 a m\u00e1quina ideal para detailers e profissionais da pintura para quem o tempo de trabalho \u00e9 muito importante. Caracter\u00edsticas:Motor mais potente &#8211; mais velocidade e bin\u00e1rioMelhora da efici\u00eancia de polimento em 30%Redu\u00e7\u00e3o da vibra\u00e7\u00e3o &#8211; menos fatigante quando se [&hellip;]<\/p>\n","protected":false},"featured_media":376652,"comment_status":"open","ping_status":"closed","template":"","meta":{"_acf_changed":false},"product_brand":[],"product_cat":[1008,990],"product_tag":[],"class_list":{"0":"post-129340","1":"product","2":"type-product","3":"status-publish","4":"has-post-thumbnail","6":"product_cat-detailing-e-servicos-rapidos-polimento","7":"product_cat-carrocaria-polimento","9":"first","10":"outofstock","11":"taxable","12":"shipping-taxable","13":"purchasable","14":"product-type-simple","15":"add-to-wishlist-after_add_to_cart"},"acf":[],"aioseo_notices":[],"_links":{"self":[{"href":"https:\/\/hispanor.pt\/en\/wp-json\/wp\/v2\/product\/129340","targetHints":{"allow":["GET"]}}],"collection":[{"href":"https:\/\/hispanor.pt\/en\/wp-json\/wp\/v2\/product"}],"about":[{"href":"https:\/\/hispanor.pt\/en\/wp-json\/wp\/v2\/types\/product"}],"replies":[{"embeddable":true,"href":"https:\/\/hispanor.pt\/en\/wp-json\/wp\/v2\/comments?post=129340"}],"version-history":[{"count":2,"href":"https:\/\/hispanor.pt\/en\/wp-json\/wp\/v2\/product\/129340\/revisions"}],"predecessor-version":[{"id":466724,"href":"https:\/\/hispanor.pt\/en\/wp-json\/wp\/v2\/product\/129340\/revisions\/466724"}],"wp:featuredmedia":[{"embeddable":true,"href":"https:\/\/hispanor.pt\/en\/wp-json\/wp\/v2\/media\/376652"}],"wp:attachment":[{"href":"https:\/\/hispanor.pt\/en\/wp-json\/wp\/v2\/media?parent=129340"}],"wp:term":[{"taxonomy":"product_brand","embeddable":true,"href":"https:\/\/hispanor.pt\/en\/wp-json\/wp\/v2\/product_brand?post=129340"},{"taxonomy":"product_cat","embeddable":true,"href":"https:\/\/hispanor.pt\/en\/wp-json\/wp\/v2\/product_cat?post=129340"},{"taxonomy":"product_tag","embeddable":true,"href":"https:\/\/hispanor.pt\/en\/wp-json\/wp\/v2\/product_tag?post=129340"}],"curies":[{"name":"wp","href":"https:\/\/api.w.org\/{rel}","templated":true}]}}