{"id":129348,"date":"2024-04-30T16:35:04","date_gmt":"2024-04-30T15:35:04","guid":{"rendered":"https:\/\/www.hispanortestes.younik.pt\/produtos\/sem%20categoria\/tornador-pistola-de-limpeza-de-interiores\/"},"modified":"2025-12-15T11:01:25","modified_gmt":"2025-12-15T11:01:25","slug":"tornador-pistola-de-limpeza-de-interiores","status":"publish","type":"product","link":"https:\/\/hispanor.pt\/en\/produto\/tornador-pistola-de-limpeza-de-interiores\/","title":{"rendered":"TORNADOR -PISTOLA DE LIMPEZA DE INTERIORES"},"content":{"rendered":"<p>Pistola de ar comprimido Tornador para a limpeza de interiores de ve\u00edculos.<\/p>\n<p>O ar comprimido que entra no dep\u00f3sito da pistola, atomiza a mistura de \u00e1gua e detergente, que depois \u00e9 expelida sob a forma de spray em espiral.<\/p>\n<p>A jun\u00e7\u00e3o da a\u00e7\u00e3o do detergente com a for\u00e7a cin\u00e9tica do tornado remove sujidades entranhadas com maior facilidade.<\/p>\n<p>Valor sujeito a consulta.<\/p>\n","protected":false},"excerpt":{"rendered":"<p>Pistola de ar comprimido Tornador para a limpeza de interiores de ve\u00edculos. O ar comprimido que entra no dep\u00f3sito da pistola, atomiza a mistura de \u00e1gua e detergente, que depois \u00e9 expelida sob a forma de spray em espiral. A jun\u00e7\u00e3o da a\u00e7\u00e3o do detergente com a for\u00e7a cin\u00e9tica do tornado remove sujidades entranhadas com [&hellip;]<\/p>\n","protected":false},"featured_media":376656,"comment_status":"open","ping_status":"closed","template":"","meta":{"_acf_changed":false},"product_brand":[],"product_cat":[1010],"product_tag":[],"class_list":{"0":"post-129348","1":"product","2":"type-product","3":"status-publish","4":"has-post-thumbnail","6":"product_cat-detailing-e-servicos-rapidos-limpeza","8":"first","9":"instock","10":"taxable","11":"shipping-taxable","12":"purchasable","13":"product-type-simple","14":"add-to-wishlist-after_add_to_cart"},"acf":[],"aioseo_notices":[],"_links":{"self":[{"href":"https:\/\/hispanor.pt\/en\/wp-json\/wp\/v2\/product\/129348","targetHints":{"allow":["GET"]}}],"collection":[{"href":"https:\/\/hispanor.pt\/en\/wp-json\/wp\/v2\/product"}],"about":[{"href":"https:\/\/hispanor.pt\/en\/wp-json\/wp\/v2\/types\/product"}],"replies":[{"embeddable":true,"href":"https:\/\/hispanor.pt\/en\/wp-json\/wp\/v2\/comments?post=129348"}],"version-history":[{"count":1,"href":"https:\/\/hispanor.pt\/en\/wp-json\/wp\/v2\/product\/129348\/revisions"}],"predecessor-version":[{"id":461014,"href":"https:\/\/hispanor.pt\/en\/wp-json\/wp\/v2\/product\/129348\/revisions\/461014"}],"wp:featuredmedia":[{"embeddable":true,"href":"https:\/\/hispanor.pt\/en\/wp-json\/wp\/v2\/media\/376656"}],"wp:attachment":[{"href":"https:\/\/hispanor.pt\/en\/wp-json\/wp\/v2\/media?parent=129348"}],"wp:term":[{"taxonomy":"product_brand","embeddable":true,"href":"https:\/\/hispanor.pt\/en\/wp-json\/wp\/v2\/product_brand?post=129348"},{"taxonomy":"product_cat","embeddable":true,"href":"https:\/\/hispanor.pt\/en\/wp-json\/wp\/v2\/product_cat?post=129348"},{"taxonomy":"product_tag","embeddable":true,"href":"https:\/\/hispanor.pt\/en\/wp-json\/wp\/v2\/product_tag?post=129348"}],"curies":[{"name":"wp","href":"https:\/\/api.w.org\/{rel}","templated":true}]}}