{"id":131768,"date":"2024-06-07T19:36:06","date_gmt":"2024-06-07T18:36:06","guid":{"rendered":"https:\/\/www.hispanortestes.younik.pt\/produtos\/sem%20categoria\/reparabrisas-ac-brocas-de-carboneto\/"},"modified":"2026-05-13T15:33:49","modified_gmt":"2026-05-13T14:33:49","slug":"reparabrisas-ac-brocas-de-carboneto","status":"publish","type":"product","link":"https:\/\/hispanor.pt\/en\/produto\/reparabrisas-ac-brocas-de-carboneto\/","title":{"rendered":"REPARABRISAS -AC. BROCAS DE CARBONETO"},"content":{"rendered":"<p>Broca de carboneto de alta resist\u00eancia para limpeza e fura\u00e7\u00e3o da zona a reparar.<\/p>\n<p>Utilizar com a sonda de carboneto do Kit Reparabrisas ou Berbequim 12V.<\/p>\n","protected":false},"excerpt":{"rendered":"<p>Broca de carboneto de alta resist\u00eancia para limpeza e fura\u00e7\u00e3o da zona a reparar. Utilizar com a sonda de carboneto do Kit Reparabrisas ou Berbequim 12V.<\/p>\n","protected":false},"featured_media":376924,"comment_status":"open","ping_status":"closed","template":"","meta":{"_acf_changed":false},"product_brand":[],"product_cat":[1014,996],"product_tag":[],"class_list":{"0":"post-131768","1":"product","2":"type-product","3":"status-publish","4":"has-post-thumbnail","6":"product_cat-detailing-e-servicos-rapidos-reparacao-de-parabrisas","7":"product_cat-carrocaria-substituicao-e-reparacao-de-vidros","9":"first","10":"instock","11":"taxable","12":"shipping-taxable","13":"purchasable","14":"product-type-simple","15":"add-to-wishlist-after_add_to_cart"},"acf":[],"aioseo_notices":[],"_links":{"self":[{"href":"https:\/\/hispanor.pt\/en\/wp-json\/wp\/v2\/product\/131768","targetHints":{"allow":["GET"]}}],"collection":[{"href":"https:\/\/hispanor.pt\/en\/wp-json\/wp\/v2\/product"}],"about":[{"href":"https:\/\/hispanor.pt\/en\/wp-json\/wp\/v2\/types\/product"}],"replies":[{"embeddable":true,"href":"https:\/\/hispanor.pt\/en\/wp-json\/wp\/v2\/comments?post=131768"}],"version-history":[{"count":1,"href":"https:\/\/hispanor.pt\/en\/wp-json\/wp\/v2\/product\/131768\/revisions"}],"predecessor-version":[{"id":439946,"href":"https:\/\/hispanor.pt\/en\/wp-json\/wp\/v2\/product\/131768\/revisions\/439946"}],"wp:featuredmedia":[{"embeddable":true,"href":"https:\/\/hispanor.pt\/en\/wp-json\/wp\/v2\/media\/376924"}],"wp:attachment":[{"href":"https:\/\/hispanor.pt\/en\/wp-json\/wp\/v2\/media?parent=131768"}],"wp:term":[{"taxonomy":"product_brand","embeddable":true,"href":"https:\/\/hispanor.pt\/en\/wp-json\/wp\/v2\/product_brand?post=131768"},{"taxonomy":"product_cat","embeddable":true,"href":"https:\/\/hispanor.pt\/en\/wp-json\/wp\/v2\/product_cat?post=131768"},{"taxonomy":"product_tag","embeddable":true,"href":"https:\/\/hispanor.pt\/en\/wp-json\/wp\/v2\/product_tag?post=131768"}],"curies":[{"name":"wp","href":"https:\/\/api.w.org\/{rel}","templated":true}]}}