{"id":131791,"date":"2024-06-11T19:34:18","date_gmt":"2024-06-11T18:34:18","guid":{"rendered":"https:\/\/www.hispanortestes.younik.pt\/produtos\/sem%20categoria\/forsthoff-terminal-presoldagem-e-chanfre-5015\/"},"modified":"2025-09-23T11:36:57","modified_gmt":"2025-09-23T10:36:57","slug":"forsthoff-terminal-presoldagem-e-chanfre-5015","status":"publish","type":"product","link":"https:\/\/hispanor.pt\/en\/produto\/forsthoff-terminal-presoldagem-e-chanfre-5015\/","title":{"rendered":"FORSTHOFF -TERMINAL PR\u00c9-SOLDAGEM E CHANFRE 5015"},"content":{"rendered":"<p>Terminal de pr\u00e9-soldagem tack r\u00e1pido para pistola Forsthoff. <\/p>\n","protected":false},"excerpt":{"rendered":"<p>Terminal de pr\u00e9-soldagem tack r\u00e1pido para pistola Forsthoff.<\/p>\n","protected":false},"featured_media":376588,"comment_status":"open","ping_status":"closed","template":"","meta":{"_acf_changed":false},"product_brand":[],"product_cat":[994],"product_tag":[],"class_list":{"0":"post-131791","1":"product","2":"type-product","3":"status-publish","4":"has-post-thumbnail","6":"product_cat-carrocaria-reparacao-de-plasticos","8":"first","9":"outofstock","10":"taxable","11":"shipping-taxable","12":"purchasable","13":"product-type-simple","14":"add-to-wishlist-after_add_to_cart"},"acf":[],"aioseo_notices":[],"_links":{"self":[{"href":"https:\/\/hispanor.pt\/en\/wp-json\/wp\/v2\/product\/131791","targetHints":{"allow":["GET"]}}],"collection":[{"href":"https:\/\/hispanor.pt\/en\/wp-json\/wp\/v2\/product"}],"about":[{"href":"https:\/\/hispanor.pt\/en\/wp-json\/wp\/v2\/types\/product"}],"replies":[{"embeddable":true,"href":"https:\/\/hispanor.pt\/en\/wp-json\/wp\/v2\/comments?post=131791"}],"version-history":[{"count":1,"href":"https:\/\/hispanor.pt\/en\/wp-json\/wp\/v2\/product\/131791\/revisions"}],"predecessor-version":[{"id":439175,"href":"https:\/\/hispanor.pt\/en\/wp-json\/wp\/v2\/product\/131791\/revisions\/439175"}],"wp:featuredmedia":[{"embeddable":true,"href":"https:\/\/hispanor.pt\/en\/wp-json\/wp\/v2\/media\/376588"}],"wp:attachment":[{"href":"https:\/\/hispanor.pt\/en\/wp-json\/wp\/v2\/media?parent=131791"}],"wp:term":[{"taxonomy":"product_brand","embeddable":true,"href":"https:\/\/hispanor.pt\/en\/wp-json\/wp\/v2\/product_brand?post=131791"},{"taxonomy":"product_cat","embeddable":true,"href":"https:\/\/hispanor.pt\/en\/wp-json\/wp\/v2\/product_cat?post=131791"},{"taxonomy":"product_tag","embeddable":true,"href":"https:\/\/hispanor.pt\/en\/wp-json\/wp\/v2\/product_tag?post=131791"}],"curies":[{"name":"wp","href":"https:\/\/api.w.org\/{rel}","templated":true}]}}