{"id":213145,"date":"2025-01-29T12:36:22","date_gmt":"2025-01-29T12:36:22","guid":{"rendered":"https:\/\/hispanor.pt\/produto\/auto-magic-boina-polimento-em-la-amarela\/"},"modified":"2026-04-16T16:26:28","modified_gmt":"2026-04-16T15:26:28","slug":"auto-magic-boina-polimento-em-la-amarela","status":"publish","type":"product","link":"https:\/\/hispanor.pt\/en\/produto\/auto-magic-boina-polimento-em-la-amarela\/","title":{"rendered":"AUTO MAGIC -BOINA POLIMENTO EM L\u00c3 AMARELA"},"content":{"rendered":"<p>Disco de l\u00e3 para m\u00e9dio corte no polimento de pintura.<\/p>\n<p>Dimens\u00f5es: 178 x 25 mm<\/p>\n<p>Di\u00e2metro Prato: 150mm<\/p>\n","protected":false},"excerpt":{"rendered":"<p>Disco de l\u00e3 para m\u00e9dio corte no polimento de pintura. Dimens\u00f5es: 178 x 25 mm Di\u00e2metro Prato: 150mm<\/p>\n","protected":false},"featured_media":376644,"comment_status":"open","ping_status":"closed","template":"","meta":{"_acf_changed":false},"product_brand":[],"product_cat":[1008,990],"product_tag":[],"class_list":{"0":"post-213145","1":"product","2":"type-product","3":"status-publish","4":"has-post-thumbnail","6":"product_cat-detailing-e-servicos-rapidos-polimento","7":"product_cat-carrocaria-polimento","9":"first","10":"instock","11":"taxable","12":"shipping-taxable","13":"purchasable","14":"product-type-simple","15":"add-to-wishlist-after_add_to_cart"},"acf":[],"aioseo_notices":[],"_links":{"self":[{"href":"https:\/\/hispanor.pt\/en\/wp-json\/wp\/v2\/product\/213145","targetHints":{"allow":["GET"]}}],"collection":[{"href":"https:\/\/hispanor.pt\/en\/wp-json\/wp\/v2\/product"}],"about":[{"href":"https:\/\/hispanor.pt\/en\/wp-json\/wp\/v2\/types\/product"}],"replies":[{"embeddable":true,"href":"https:\/\/hispanor.pt\/en\/wp-json\/wp\/v2\/comments?post=213145"}],"version-history":[{"count":1,"href":"https:\/\/hispanor.pt\/en\/wp-json\/wp\/v2\/product\/213145\/revisions"}],"predecessor-version":[{"id":479516,"href":"https:\/\/hispanor.pt\/en\/wp-json\/wp\/v2\/product\/213145\/revisions\/479516"}],"wp:featuredmedia":[{"embeddable":true,"href":"https:\/\/hispanor.pt\/en\/wp-json\/wp\/v2\/media\/376644"}],"wp:attachment":[{"href":"https:\/\/hispanor.pt\/en\/wp-json\/wp\/v2\/media?parent=213145"}],"wp:term":[{"taxonomy":"product_brand","embeddable":true,"href":"https:\/\/hispanor.pt\/en\/wp-json\/wp\/v2\/product_brand?post=213145"},{"taxonomy":"product_cat","embeddable":true,"href":"https:\/\/hispanor.pt\/en\/wp-json\/wp\/v2\/product_cat?post=213145"},{"taxonomy":"product_tag","embeddable":true,"href":"https:\/\/hispanor.pt\/en\/wp-json\/wp\/v2\/product_tag?post=213145"}],"curies":[{"name":"wp","href":"https:\/\/api.w.org\/{rel}","templated":true}]}}