{"id":482619,"date":"2026-04-28T14:40:55","date_gmt":"2026-04-28T13:40:55","guid":{"rendered":"https:\/\/hispanor.pt\/produto\/clip-s-08mm-27-pplastifix-bolsa-100-un\/"},"modified":"2026-04-28T14:43:36","modified_gmt":"2026-04-28T13:43:36","slug":"clip-s-08mm-27-pplastifix-bolsa-100-un","status":"publish","type":"product","link":"https:\/\/hispanor.pt\/en\/produto\/clip-s-08mm-27-pplastifix-bolsa-100-un\/","title":{"rendered":"CLIP S"},"content":{"rendered":"<p>Grampo maxicanelado em S para Sistema Plastifix.<\/p>\n<p>Deve ser utilizado na repara\u00e7\u00e3o de pe\u00e7as de pl\u00e1stico mais espesso com roturas maiores, ou onde seja necess\u00e1ria uma uni\u00e3o mais forte.<\/p>\n<p>A\u00e7o inoxid\u00e1vel de espessura 0,6 mm e 0,8 mm  e 0,7 mm  pr\u00e9 cortado.<\/p>\n<p>Quantidade: bolsa de 100 unidades.<\/p>\n","protected":false},"excerpt":{"rendered":"<p>Grampo maxicanelado em S para Sistema Plastifix. Deve ser utilizado na repara\u00e7\u00e3o de pe\u00e7as de pl\u00e1stico mais espesso com roturas maiores, ou onde seja necess\u00e1ria uma uni\u00e3o mais forte. A\u00e7o inoxid\u00e1vel de espessura 0,6 mm e 0,8 mm e 0,7 mm pr\u00e9 cortado. Quantidade: bolsa de 100 unidades.<\/p>\n","protected":false},"featured_media":482617,"comment_status":"open","ping_status":"closed","template":"","meta":{"_acf_changed":false},"product_brand":[],"product_cat":[1009,994],"product_tag":[],"class_list":{"0":"post-482619","1":"product","2":"type-product","3":"status-publish","4":"has-post-thumbnail","6":"product_cat-detailing-e-servicos-rapidos-reparacao-de-plasticos","7":"product_cat-carrocaria-reparacao-de-plasticos","9":"first","10":"instock","11":"taxable","12":"shipping-taxable","13":"purchasable","14":"product-type-variable","15":"add-to-wishlist-after_add_to_cart"},"acf":[],"aioseo_notices":[],"_links":{"self":[{"href":"https:\/\/hispanor.pt\/en\/wp-json\/wp\/v2\/product\/482619","targetHints":{"allow":["GET"]}}],"collection":[{"href":"https:\/\/hispanor.pt\/en\/wp-json\/wp\/v2\/product"}],"about":[{"href":"https:\/\/hispanor.pt\/en\/wp-json\/wp\/v2\/types\/product"}],"replies":[{"embeddable":true,"href":"https:\/\/hispanor.pt\/en\/wp-json\/wp\/v2\/comments?post=482619"}],"version-history":[{"count":0,"href":"https:\/\/hispanor.pt\/en\/wp-json\/wp\/v2\/product\/482619\/revisions"}],"wp:featuredmedia":[{"embeddable":true,"href":"https:\/\/hispanor.pt\/en\/wp-json\/wp\/v2\/media\/482617"}],"wp:attachment":[{"href":"https:\/\/hispanor.pt\/en\/wp-json\/wp\/v2\/media?parent=482619"}],"wp:term":[{"taxonomy":"product_brand","embeddable":true,"href":"https:\/\/hispanor.pt\/en\/wp-json\/wp\/v2\/product_brand?post=482619"},{"taxonomy":"product_cat","embeddable":true,"href":"https:\/\/hispanor.pt\/en\/wp-json\/wp\/v2\/product_cat?post=482619"},{"taxonomy":"product_tag","embeddable":true,"href":"https:\/\/hispanor.pt\/en\/wp-json\/wp\/v2\/product_tag?post=482619"}],"curies":[{"name":"wp","href":"https:\/\/api.w.org\/{rel}","templated":true}]}}