{"id":483509,"date":"2026-05-05T11:10:23","date_gmt":"2026-05-05T10:10:23","guid":{"rendered":"https:\/\/hispanor.pt\/produto\/clip-v-08mm-26-para-plastifix-bolsa-100-un\/"},"modified":"2026-05-05T11:11:47","modified_gmt":"2026-05-05T10:11:47","slug":"clip-v-08mm-26-para-plastifix-bolsa-100-un","status":"publish","type":"product","link":"https:\/\/hispanor.pt\/en\/produto\/clip-v-08mm-26-para-plastifix-bolsa-100-un\/","title":{"rendered":"CLIP V"},"content":{"rendered":"<p>Grampo c\u00f3nico em V para Sistema Plastifix.<\/p>\n<p>Deve ser utilizado na repara\u00e7\u00e3o de \u00e1reas curvas ou angulosas em pe\u00e7as de pl\u00e1stico.<\/p>\n<p>A\u00e7o inoxid\u00e1vel de espessura 0,8 mm e 0,7mm Pr\u00e9-Cortado.<\/p>\n<p>Quantidade: bolsa 100 unidades.<\/p>\n<p><\/p>\n","protected":false},"excerpt":{"rendered":"<p>Grampo c\u00f3nico em V para Sistema Plastifix. Deve ser utilizado na repara\u00e7\u00e3o de \u00e1reas curvas ou angulosas em pe\u00e7as de pl\u00e1stico. A\u00e7o inoxid\u00e1vel de espessura 0,8 mm e 0,7mm Pr\u00e9-Cortado. Quantidade: bolsa 100 unidades.<\/p>\n","protected":false},"featured_media":483507,"comment_status":"open","ping_status":"closed","template":"","meta":{"_acf_changed":false},"product_brand":[],"product_cat":[1009,994],"product_tag":[],"class_list":{"0":"post-483509","1":"product","2":"type-product","3":"status-publish","4":"has-post-thumbnail","6":"product_cat-detailing-e-servicos-rapidos-reparacao-de-plasticos","7":"product_cat-carrocaria-reparacao-de-plasticos","9":"first","10":"instock","11":"taxable","12":"shipping-taxable","13":"purchasable","14":"product-type-variable","15":"add-to-wishlist-after_add_to_cart"},"acf":[],"aioseo_notices":[],"_links":{"self":[{"href":"https:\/\/hispanor.pt\/en\/wp-json\/wp\/v2\/product\/483509","targetHints":{"allow":["GET"]}}],"collection":[{"href":"https:\/\/hispanor.pt\/en\/wp-json\/wp\/v2\/product"}],"about":[{"href":"https:\/\/hispanor.pt\/en\/wp-json\/wp\/v2\/types\/product"}],"replies":[{"embeddable":true,"href":"https:\/\/hispanor.pt\/en\/wp-json\/wp\/v2\/comments?post=483509"}],"version-history":[{"count":0,"href":"https:\/\/hispanor.pt\/en\/wp-json\/wp\/v2\/product\/483509\/revisions"}],"wp:featuredmedia":[{"embeddable":true,"href":"https:\/\/hispanor.pt\/en\/wp-json\/wp\/v2\/media\/483507"}],"wp:attachment":[{"href":"https:\/\/hispanor.pt\/en\/wp-json\/wp\/v2\/media?parent=483509"}],"wp:term":[{"taxonomy":"product_brand","embeddable":true,"href":"https:\/\/hispanor.pt\/en\/wp-json\/wp\/v2\/product_brand?post=483509"},{"taxonomy":"product_cat","embeddable":true,"href":"https:\/\/hispanor.pt\/en\/wp-json\/wp\/v2\/product_cat?post=483509"},{"taxonomy":"product_tag","embeddable":true,"href":"https:\/\/hispanor.pt\/en\/wp-json\/wp\/v2\/product_tag?post=483509"}],"curies":[{"name":"wp","href":"https:\/\/api.w.org\/{rel}","templated":true}]}}