{"id":484922,"date":"2026-05-13T15:06:36","date_gmt":"2026-05-13T14:06:36","guid":{"rendered":"https:\/\/hispanor.pt\/produto\/plastpt-bisnaga-preto-75ml\/"},"modified":"2026-05-13T16:04:17","modified_gmt":"2026-05-13T15:04:17","slug":"plastpt-bisnaga-preto-75ml","status":"publish","type":"product","link":"https:\/\/hispanor.pt\/en\/produto\/plastpt-bisnaga-preto-75ml\/","title":{"rendered":"PLAST-PT BISNAGA PRETO 75ML"},"content":{"rendered":"<p>Tinta acr\u00edlica para tratamento e renova\u00e7\u00e3o de todo o tipo de pl\u00e1sticos em autom\u00f3veis (para-choques, frisos, tejadilhos, etc.).<\/p>\n<p>Sem solventes. F\u00e1cil aplica\u00e7\u00e3o.<\/p>\n<p>Cor: preto<\/p>\n<p>Quantidade: 75 ml<\/p>\n","protected":false},"excerpt":{"rendered":"<p>Tinta acr\u00edlica para tratamento e renova\u00e7\u00e3o de todo o tipo de pl\u00e1sticos em autom\u00f3veis (para-choques, frisos, tejadilhos, etc.). Sem solventes. F\u00e1cil aplica\u00e7\u00e3o. Cor: preto Quantidade: 75 ml<\/p>\n","protected":false},"featured_media":484920,"comment_status":"open","ping_status":"closed","template":"","meta":{"_acf_changed":false},"product_brand":[],"product_cat":[1009,994],"product_tag":[],"class_list":{"0":"post-484922","1":"product","2":"type-product","3":"status-publish","4":"has-post-thumbnail","6":"product_cat-detailing-e-servicos-rapidos-reparacao-de-plasticos","7":"product_cat-carrocaria-reparacao-de-plasticos","9":"first","10":"instock","11":"taxable","12":"shipping-taxable","13":"purchasable","14":"product-type-simple","15":"add-to-wishlist-after_add_to_cart"},"acf":[],"aioseo_notices":[],"_links":{"self":[{"href":"https:\/\/hispanor.pt\/en\/wp-json\/wp\/v2\/product\/484922","targetHints":{"allow":["GET"]}}],"collection":[{"href":"https:\/\/hispanor.pt\/en\/wp-json\/wp\/v2\/product"}],"about":[{"href":"https:\/\/hispanor.pt\/en\/wp-json\/wp\/v2\/types\/product"}],"replies":[{"embeddable":true,"href":"https:\/\/hispanor.pt\/en\/wp-json\/wp\/v2\/comments?post=484922"}],"version-history":[{"count":1,"href":"https:\/\/hispanor.pt\/en\/wp-json\/wp\/v2\/product\/484922\/revisions"}],"predecessor-version":[{"id":485018,"href":"https:\/\/hispanor.pt\/en\/wp-json\/wp\/v2\/product\/484922\/revisions\/485018"}],"wp:featuredmedia":[{"embeddable":true,"href":"https:\/\/hispanor.pt\/en\/wp-json\/wp\/v2\/media\/484920"}],"wp:attachment":[{"href":"https:\/\/hispanor.pt\/en\/wp-json\/wp\/v2\/media?parent=484922"}],"wp:term":[{"taxonomy":"product_brand","embeddable":true,"href":"https:\/\/hispanor.pt\/en\/wp-json\/wp\/v2\/product_brand?post=484922"},{"taxonomy":"product_cat","embeddable":true,"href":"https:\/\/hispanor.pt\/en\/wp-json\/wp\/v2\/product_cat?post=484922"},{"taxonomy":"product_tag","embeddable":true,"href":"https:\/\/hispanor.pt\/en\/wp-json\/wp\/v2\/product_tag?post=484922"}],"curies":[{"name":"wp","href":"https:\/\/api.w.org\/{rel}","templated":true}]}}