{"id":484948,"date":"2026-05-13T15:14:45","date_gmt":"2026-05-13T14:14:45","guid":{"rendered":"https:\/\/hispanor.pt\/produto\/auto-magic-polish-abrs-newcar-glaze-50galao\/"},"modified":"2026-05-13T15:16:00","modified_gmt":"2026-05-13T14:16:00","slug":"auto-magic-polish-abrs-newcar-glaze-50galao","status":"publish","type":"product","link":"https:\/\/hispanor.pt\/en\/produto\/auto-magic-polish-abrs-newcar-glaze-50galao\/","title":{"rendered":"AUTO MAGIC -POLISH ABRS. NEWCAR GLAZE 50"},"content":{"rendered":"<p>Polimento de acabamento concebido para preencher riscos na superf\u00edcie e remover imperfei\u00e7\u00f5es menores na pintura de carros novos e usados.<\/p>\n<p>Excelente resultados quando usado em tinta moderadamente oxidada.<\/p>\n<p>Pode ser utilizado com vernizes. Pode ser aplicado manualmente, com polidora orbital ou de velocidade vari\u00e1vel, com boina de l\u00e3 ou de espuma.<\/p>\n","protected":false},"excerpt":{"rendered":"<p>Polimento de acabamento concebido para preencher riscos na superf\u00edcie e remover imperfei\u00e7\u00f5es menores na pintura de carros novos e usados. Excelente resultados quando usado em tinta moderadamente oxidada. Pode ser utilizado com vernizes. Pode ser aplicado manualmente, com polidora orbital ou de velocidade vari\u00e1vel, com boina de l\u00e3 ou de espuma.<\/p>\n","protected":false},"featured_media":484946,"comment_status":"open","ping_status":"closed","template":"","meta":{"_acf_changed":false},"product_brand":[],"product_cat":[1008,990],"product_tag":[],"class_list":{"0":"post-484948","1":"product","2":"type-product","3":"status-publish","4":"has-post-thumbnail","6":"product_cat-detailing-e-servicos-rapidos-polimento","7":"product_cat-carrocaria-polimento","9":"first","10":"outofstock","11":"taxable","12":"shipping-taxable","13":"purchasable","14":"product-type-variable","15":"add-to-wishlist-after_add_to_cart"},"acf":[],"aioseo_notices":[],"_links":{"self":[{"href":"https:\/\/hispanor.pt\/en\/wp-json\/wp\/v2\/product\/484948","targetHints":{"allow":["GET"]}}],"collection":[{"href":"https:\/\/hispanor.pt\/en\/wp-json\/wp\/v2\/product"}],"about":[{"href":"https:\/\/hispanor.pt\/en\/wp-json\/wp\/v2\/types\/product"}],"replies":[{"embeddable":true,"href":"https:\/\/hispanor.pt\/en\/wp-json\/wp\/v2\/comments?post=484948"}],"version-history":[{"count":0,"href":"https:\/\/hispanor.pt\/en\/wp-json\/wp\/v2\/product\/484948\/revisions"}],"wp:featuredmedia":[{"embeddable":true,"href":"https:\/\/hispanor.pt\/en\/wp-json\/wp\/v2\/media\/484946"}],"wp:attachment":[{"href":"https:\/\/hispanor.pt\/en\/wp-json\/wp\/v2\/media?parent=484948"}],"wp:term":[{"taxonomy":"product_brand","embeddable":true,"href":"https:\/\/hispanor.pt\/en\/wp-json\/wp\/v2\/product_brand?post=484948"},{"taxonomy":"product_cat","embeddable":true,"href":"https:\/\/hispanor.pt\/en\/wp-json\/wp\/v2\/product_cat?post=484948"},{"taxonomy":"product_tag","embeddable":true,"href":"https:\/\/hispanor.pt\/en\/wp-json\/wp\/v2\/product_tag?post=484948"}],"curies":[{"name":"wp","href":"https:\/\/api.w.org\/{rel}","templated":true}]}}