{"id":484953,"date":"2026-05-13T15:17:01","date_gmt":"2026-05-13T14:17:01","guid":{"rendered":"https:\/\/hispanor.pt\/produto\/auto-magic-cera-manual-sealit-70galao\/"},"modified":"2026-05-13T15:18:21","modified_gmt":"2026-05-13T14:18:21","slug":"auto-magic-cera-manual-sealit-70galao","status":"publish","type":"product","link":"https:\/\/hispanor.pt\/en\/produto\/auto-magic-cera-manual-sealit-70galao\/","title":{"rendered":"AUTO MAGIC -CERA MANUAL SEAL-IT 70"},"content":{"rendered":"<p>Pol\u00edmero de alto brilho, n\u00e3o abrasivo para uso em vernizes e todos os tipos de acabamento. A sua f\u00f3rmula \u00fanica de secagem r\u00e1pida, deixa um brilho intenso e rico, ideal para cromados.<\/p>\n<p>Pode ser aplicado \u00e0 m\u00e3o ou com polidora orbital.<\/p>\n<p>Quantidade: 3,79 L \/ 1 L<\/p>\n","protected":false},"excerpt":{"rendered":"<p>Pol\u00edmero de alto brilho, n\u00e3o abrasivo para uso em vernizes e todos os tipos de acabamento. A sua f\u00f3rmula \u00fanica de secagem r\u00e1pida, deixa um brilho intenso e rico, ideal para cromados. Pode ser aplicado \u00e0 m\u00e3o ou com polidora orbital. Quantidade: 3,79 L \/ 1 L<\/p>\n","protected":false},"featured_media":484951,"comment_status":"open","ping_status":"closed","template":"","meta":{"_acf_changed":false},"product_brand":[],"product_cat":[1008,990],"product_tag":[],"class_list":{"0":"post-484953","1":"product","2":"type-product","3":"status-publish","4":"has-post-thumbnail","6":"product_cat-detailing-e-servicos-rapidos-polimento","7":"product_cat-carrocaria-polimento","9":"first","10":"instock","11":"taxable","12":"shipping-taxable","13":"purchasable","14":"product-type-variable","15":"add-to-wishlist-after_add_to_cart"},"acf":[],"aioseo_notices":[],"_links":{"self":[{"href":"https:\/\/hispanor.pt\/en\/wp-json\/wp\/v2\/product\/484953","targetHints":{"allow":["GET"]}}],"collection":[{"href":"https:\/\/hispanor.pt\/en\/wp-json\/wp\/v2\/product"}],"about":[{"href":"https:\/\/hispanor.pt\/en\/wp-json\/wp\/v2\/types\/product"}],"replies":[{"embeddable":true,"href":"https:\/\/hispanor.pt\/en\/wp-json\/wp\/v2\/comments?post=484953"}],"version-history":[{"count":0,"href":"https:\/\/hispanor.pt\/en\/wp-json\/wp\/v2\/product\/484953\/revisions"}],"wp:featuredmedia":[{"embeddable":true,"href":"https:\/\/hispanor.pt\/en\/wp-json\/wp\/v2\/media\/484951"}],"wp:attachment":[{"href":"https:\/\/hispanor.pt\/en\/wp-json\/wp\/v2\/media?parent=484953"}],"wp:term":[{"taxonomy":"product_brand","embeddable":true,"href":"https:\/\/hispanor.pt\/en\/wp-json\/wp\/v2\/product_brand?post=484953"},{"taxonomy":"product_cat","embeddable":true,"href":"https:\/\/hispanor.pt\/en\/wp-json\/wp\/v2\/product_cat?post=484953"},{"taxonomy":"product_tag","embeddable":true,"href":"https:\/\/hispanor.pt\/en\/wp-json\/wp\/v2\/product_tag?post=484953"}],"curies":[{"name":"wp","href":"https:\/\/api.w.org\/{rel}","templated":true}]}}